{"id":15,"date":"2023-12-08T13:21:54","date_gmt":"2023-12-08T12:21:54","guid":{"rendered":"https:\/\/www.debray-moulage.fr\/?page_id=15"},"modified":"2023-12-09T15:34:22","modified_gmt":"2023-12-09T14:34:22","slug":"contact","status":"publish","type":"page","link":"https:\/\/www.debray-moulage.fr\/en\/contact\/","title":{"rendered":"Contact"},"content":{"rendered":"<p>Pour modifier les informations de contact, acc\u00e9dez \u00e0 la page de configuration via <strong>R\u00e9glages &gt; Contact<\/strong> dans le menu \u00e0 gauche.<\/p>","protected":false},"excerpt":{"rendered":"<p>Pour modifier les informations de contact, acc\u00e9dez \u00e0 la page de configuration via R\u00e9glages &gt; Contact dans le menu \u00e0 gauche.<\/p>","protected":false},"author":3,"featured_media":0,"parent":0,"menu_order":0,"comment_status":"closed","ping_status":"closed","template":"","meta":{"footnotes":""},"class_list":["post-15","page","type-page","status-publish","hentry"],"_links":{"self":[{"href":"https:\/\/www.debray-moulage.fr\/en\/wp-json\/wp\/v2\/pages\/15","targetHints":{"allow":["GET"]}}],"collection":[{"href":"https:\/\/www.debray-moulage.fr\/en\/wp-json\/wp\/v2\/pages"}],"about":[{"href":"https:\/\/www.debray-moulage.fr\/en\/wp-json\/wp\/v2\/types\/page"}],"author":[{"embeddable":true,"href":"https:\/\/www.debray-moulage.fr\/en\/wp-json\/wp\/v2\/users\/3"}],"replies":[{"embeddable":true,"href":"https:\/\/www.debray-moulage.fr\/en\/wp-json\/wp\/v2\/comments?post=15"}],"version-history":[{"count":0,"href":"https:\/\/www.debray-moulage.fr\/en\/wp-json\/wp\/v2\/pages\/15\/revisions"}],"wp:attachment":[{"href":"https:\/\/www.debray-moulage.fr\/en\/wp-json\/wp\/v2\/media?parent=15"}],"curies":[{"name":"wp","href":"https:\/\/api.w.org\/{rel}","templated":true}]}}